{"id":632,"date":"2015-05-06T16:27:05","date_gmt":"2015-05-06T16:27:05","guid":{"rendered":"http:\/\/demowp.cththemes.net\/domik\/?page_id=632"},"modified":"2025-02-05T18:26:57","modified_gmt":"2025-02-05T18:26:57","slug":"contact","status":"publish","type":"page","link":"https:\/\/www.arqjabud.com.mx\/index.php\/contact\/","title":{"rendered":"Contacto"},"content":{"rendered":"<div class=\"wpb-content-wrapper\"><p>[vc_row cth_layout=&#8221;row_sec_container&#8221; el_class=&#8221;no-padding no-border&#8221;][vc_column][vc_column_text css=&#8221;&#8221; el_class=&#8221;page-title no-border&#8221;]<\/p>\n<h2>Quieres saber m\u00e1s acerca de los proyectos \u00f3 contactarnos?<\/h2>\n<h3><span class=\"no-rep\">Para que tus proyectos sean una realidad, es mejor ponernos en contacto y as\u00ed poder entender juntos tu idea, ll\u00e1manos o comun\u00edcate con nosotros.<\/span><\/h3>\n<p>[\/vc_column_text][\/vc_column][\/vc_row][vc_row cth_layout=&#8221;row_sec_container&#8221; el_class=&#8221;no-border&#8221;][vc_column][domik_gmap latitude=&#8221;22.13740087587462&#8243; longitude=&#8221;-101.03516152391497&#8243; address=&#8221;Rinc\u00f3n de Arakan 132&#8243; marker=&#8221;719&#8243;][\/vc_column][\/vc_row][vc_row cth_layout=&#8221;row_sec_container&#8221; el_class=&#8221;no-border contact-details&#8221;][vc_column offset=&#8221;vc_col-md-4&#8243;][vc_column_text css=&#8221;&#8221;]<\/p>\n<h3>CONTACTO :<\/h3>\n<p>[\/vc_column_text][\/vc_column][vc_column offset=&#8221;vc_col-md-3&#8243;][vc_column_text css=&#8221;&#8221;]<\/p>\n<h4>Nos encontramos en la ciudad de San Luis Potos\u00ed<\/h4>\n<ul>\n<li>Cordillera Arakan No 123<\/li>\n<li><a href=\"https:\/\/wa.me\/+525665844719\">WhatsApp<\/a><\/li>\n<li><a href=\"mailto:info@arqjabud.com.mx\">info@arqjabud.com.mx<\/a><\/li>\n<\/ul>\n<p>[\/vc_column_text][\/vc_column][vc_column offset=&#8221;vc_col-md-3&#8243;][vc_column_text css=&#8221;&#8221;]<\/p>\n<h4>Tambien estamos en:<\/h4>\n<ul>\n<li><a href=\"https:\/\/www.facebook.com\/arquitecturajar\">Facebook<\/a><\/li>\n<li><a href=\"#\">Twitter <\/a><\/li>\n<li><a href=\"https:\/\/l.facebook.com\/l.php?u=https%3A%2F%2Fwww.instagram.com%2Farq.j.abud%3Futm_source%3Dqr%26igsh%3DMWNlcnY0dmZodHQxNA%253D%253D%26fbclid%3DIwZXh0bgNhZW0CMTAAAR1GGDyyXMdy2iQNA9n5KpcINBirMhWAglw3Sr24noG2JRg7R6V7W438-xI_aem_z8EirAaAm5L8e5wfcifm7w&amp;h=AT3hn73m7lLnMGPSRk-iufsMCLSEyl0p_pbnq5dnU9LUVLpaJT7cTs253yI4ytW1G5RFGGJ61Eoi-Zu86tTDYqDwS4KuAuAOVwMOp0tjAN8eIa-vWxZ-Dfb9L4TWlSdtQF3NiOxFdjSpTcBhQlZK&amp;__tn__=-UK-R&amp;c[0]=AT2okQAA13v-2GnqjV1eEyWTDCHNoIZo1nfdGCtSEWLmLDwCucSTOtvRCk6gIax0hIXqf0TjHscj13LYd48RWe-j-jJ2fgVOWjDUptJbdDt0dk9rZpk3am8_50ImzjcAANQ__ObUnKZZ_pfrokYnwI7fxVzTxluye5PoZlsPtvdLHxacJGJdbuuw7FQ7em2DntbIHDkgCbblZoayuoz-CcwqTA\">Instagram<\/a><\/li>\n<li><a href=\"https:\/\/www.youtube.com\/@arq.j.abud.\">YouTube<\/a><\/li>\n<\/ul>\n<p>[\/vc_column_text][\/vc_column][\/vc_row][vc_row cth_layout=&#8221;row_sec_container&#8221;][vc_column]\n<div class=\"wpcf7 no-js\" id=\"wpcf7-f524-o1\" lang=\"en-US\" dir=\"ltr\" data-wpcf7-id=\"524\">\n<div class=\"screen-reader-response\"><p role=\"status\" aria-live=\"polite\" aria-atomic=\"true\"><\/p> <ul><\/ul><\/div>\n<form action=\"\/index.php\/wp-json\/wp\/v2\/pages\/632#wpcf7-f524-o1\" method=\"post\" class=\"wpcf7-form init\" aria-label=\"Contact form\" novalidate=\"novalidate\" data-status=\"init\">\n<div style=\"display: none;\">\n<input type=\"hidden\" name=\"_wpcf7\" value=\"524\" \/>\n<input type=\"hidden\" name=\"_wpcf7_version\" value=\"6.0.6\" \/>\n<input type=\"hidden\" name=\"_wpcf7_locale\" value=\"en_US\" \/>\n<input type=\"hidden\" name=\"_wpcf7_unit_tag\" value=\"wpcf7-f524-o1\" \/>\n<input type=\"hidden\" name=\"_wpcf7_container_post\" value=\"0\" \/>\n<input type=\"hidden\" name=\"_wpcf7_posted_data_hash\" value=\"\" \/>\n<\/div>\n<div class=\"contact-form-holder\">\n\t<div id=\"contact-form\">\n\t\t<p><span class=\"wpcf7-form-control-wrap\" data-name=\"your-name\"><input size=\"40\" maxlength=\"400\" class=\"wpcf7-form-control wpcf7-text wpcf7-validates-as-required\" aria-required=\"true\" aria-invalid=\"false\" placeholder=\"Nombre\" value=\"\" type=\"text\" name=\"your-name\" \/><\/span><br \/>\n<span class=\"wpcf7-form-control-wrap\" data-name=\"your-email\"><input size=\"40\" maxlength=\"400\" class=\"wpcf7-form-control wpcf7-email wpcf7-validates-as-required wpcf7-text wpcf7-validates-as-email\" aria-required=\"true\" aria-invalid=\"false\" placeholder=\"E-mail\" value=\"\" type=\"email\" name=\"your-email\" \/><\/span><br \/>\n<span class=\"wpcf7-form-control-wrap\" data-name=\"your-message\"><textarea cols=\"40\" rows=\"10\" maxlength=\"2000\" class=\"wpcf7-form-control wpcf7-textarea wpcf7-validates-as-required\" aria-required=\"true\" aria-invalid=\"false\" placeholder=\"Mensaje\" name=\"your-message\"><\/textarea><\/span><br \/>\n<input class=\"wpcf7-form-control wpcf7-submit has-spinner\" id=\"submit\" type=\"submit\" value=\"Enviar\" \/>\n\t\t<\/p>\n\t<\/div>\n<\/div>\n<div class=\"clearfix\">\n<\/div><p style=\"display: none !important;\"><label>&#916;<textarea name=\"_wpcf7_ak_hp_textarea\" cols=\"45\" rows=\"8\" maxlength=\"100\"><\/textarea><\/label><input type=\"hidden\" id=\"ak_js_1\" name=\"_wpcf7_ak_js\" value=\"94\"\/><script>document.getElementById( \"ak_js_1\" ).setAttribute( \"value\", ( new Date() ).getTime() );<\/script><\/p><div class=\"wpcf7-response-output\" aria-hidden=\"true\"><\/div>\n<\/form>\n<\/div>\n[\/vc_column][\/vc_row]<\/p>\n<\/div>","protected":false},"excerpt":{"rendered":"<p>[vc_row cth_layout=&#8221;row_sec_container&#8221; el_class=&#8221;no-padding no-border&#8221;][vc_column][vc_column_text css=&#8221;&#8221; el_class=&#8221;page-title no-border&#8221;] Quieres saber m\u00e1s acerca de los proyectos \u00f3 contactarnos? Para que tus proyectos sean una realidad, es mejor ponernos en contacto y as\u00ed poder entender juntos tu idea, ll\u00e1manos o comun\u00edcate con nosotros. [\/vc_column_text][\/vc_column][\/vc_row][vc_row cth_layout=&#8221;row_sec_container&#8221; el_class=&#8221;no-border&#8221;][vc_column][domik_gmap latitude=&#8221;22.13740087587462&#8243; longitude=&#8221;-101.03516152391497&#8243; address=&#8221;Rinc\u00f3n de Arakan 132&#8243; marker=&#8221;719&#8243;][\/vc_column][\/vc_row][vc_row cth_layout=&#8221;row_sec_container&#8221; el_class=&#8221;no-border contact-details&#8221;][vc_column offset=&#8221;vc_col-md-4&#8243;][vc_column_text css=&#8221;&#8221;]&#8230;<\/p>\n","protected":false},"author":1,"featured_media":0,"parent":0,"menu_order":0,"comment_status":"open","ping_status":"open","template":"leftpage.php","meta":{"om_disable_all_campaigns":false,"_monsterinsights_skip_tracking":false,"_monsterinsights_sitenote_active":false,"_monsterinsights_sitenote_note":"","_monsterinsights_sitenote_category":0,"footnotes":""},"class_list":["post-632","page","type-page","status-publish","hentry"],"aioseo_notices":[],"_links":{"self":[{"href":"https:\/\/www.arqjabud.com.mx\/index.php\/wp-json\/wp\/v2\/pages\/632","targetHints":{"allow":["GET"]}}],"collection":[{"href":"https:\/\/www.arqjabud.com.mx\/index.php\/wp-json\/wp\/v2\/pages"}],"about":[{"href":"https:\/\/www.arqjabud.com.mx\/index.php\/wp-json\/wp\/v2\/types\/page"}],"author":[{"embeddable":true,"href":"https:\/\/www.arqjabud.com.mx\/index.php\/wp-json\/wp\/v2\/users\/1"}],"replies":[{"embeddable":true,"href":"https:\/\/www.arqjabud.com.mx\/index.php\/wp-json\/wp\/v2\/comments?post=632"}],"version-history":[{"count":8,"href":"https:\/\/www.arqjabud.com.mx\/index.php\/wp-json\/wp\/v2\/pages\/632\/revisions"}],"predecessor-version":[{"id":975,"href":"https:\/\/www.arqjabud.com.mx\/index.php\/wp-json\/wp\/v2\/pages\/632\/revisions\/975"}],"wp:attachment":[{"href":"https:\/\/www.arqjabud.com.mx\/index.php\/wp-json\/wp\/v2\/media?parent=632"}],"curies":[{"name":"wp","href":"https:\/\/api.w.org\/{rel}","templated":true}]}}